{"id":7417,"date":"2019-04-10T02:46:32","date_gmt":"2019-04-09T22:46:32","guid":{"rendered":"https:\/\/suseteestrela.com\/work-with-me\/"},"modified":"2026-01-21T15:05:45","modified_gmt":"2026-01-21T11:05:45","slug":"work-with-me","status":"publish","type":"page","link":"https:\/\/suseteestrela.com\/pt-pt\/work-with-me\/","title":{"rendered":"A Minha Agenda"},"content":{"rendered":"\t\t<div data-elementor-type=\"wp-page\" data-elementor-id=\"7417\" class=\"elementor elementor-7417\" data-elementor-post-type=\"page\">\n\t\t\t\t\t\t<section class=\"elementor-section elementor-top-section elementor-element elementor-element-a622fce elementor-section-full_width elementor-section-height-default elementor-section-height-default\" data-id=\"a622fce\" data-element_type=\"section\" data-e-type=\"section\">\n\t\t\t\t\t\t<div class=\"elementor-container elementor-column-gap-default\">\n\t\t\t\t\t<div class=\"elementor-column elementor-col-100 elementor-top-column elementor-element elementor-element-bb1418e\" data-id=\"bb1418e\" data-element_type=\"column\" data-e-type=\"column\">\n\t\t\t<div class=\"elementor-widget-wrap elementor-element-populated\">\n\t\t\t\t\t\t<div class=\"elementor-element elementor-element-9cd261f elementor-widget elementor-widget-heading\" data-id=\"9cd261f\" data-element_type=\"widget\" data-e-type=\"widget\" data-widget_type=\"heading.default\">\n\t\t\t\t<div class=\"elementor-widget-container\">\n\t\t\t\t\t<h1 class=\"elementor-heading-title elementor-size-default\"><a href=\"https:\/\/calendly.com\/suseteestrela\/90min\">Para agendar comigo selecione, por favor,  uma data e hora na minha agenda.<\/a><\/h1>\t\t\t\t<\/div>\n\t\t\t\t<\/div>\n\t\t\t\t\t<\/div>\n\t\t<\/div>\n\t\t\t\t\t<\/div>\n\t\t<\/section>\n\t\t\t\t<section class=\"elementor-section elementor-top-section elementor-element elementor-element-a09e252 elementor-section-boxed elementor-section-height-default elementor-section-height-default\" data-id=\"a09e252\" data-element_type=\"section\" data-e-type=\"section\">\n\t\t\t\t\t\t<div class=\"elementor-container elementor-column-gap-default\">\n\t\t\t\t\t<div class=\"elementor-column elementor-col-100 elementor-top-column elementor-element elementor-element-f196b23\" data-id=\"f196b23\" data-element_type=\"column\" data-e-type=\"column\">\n\t\t\t<div class=\"elementor-widget-wrap elementor-element-populated\">\n\t\t\t\t\t\t<div class=\"elementor-element elementor-element-46b61b0 elementor-widget elementor-widget-spacer\" data-id=\"46b61b0\" data-element_type=\"widget\" data-e-type=\"widget\" data-widget_type=\"spacer.default\">\n\t\t\t\t<div class=\"elementor-widget-container\">\n\t\t\t\t\t\t\t<div class=\"elementor-spacer\">\n\t\t\t<div class=\"elementor-spacer-inner\"><\/div>\n\t\t<\/div>\n\t\t\t\t\t\t<\/div>\n\t\t\t\t<\/div>\n\t\t\t\t\t<\/div>\n\t\t<\/div>\n\t\t\t\t\t<\/div>\n\t\t<\/section>\n\t\t\t\t<section class=\"elementor-section elementor-top-section elementor-element elementor-element-bbd8894 elementor-section-full_width elementor-section-height-default elementor-section-height-default\" data-id=\"bbd8894\" data-element_type=\"section\" data-e-type=\"section\">\n\t\t\t\t\t\t<div class=\"elementor-container elementor-column-gap-default\">\n\t\t\t\t\t<div class=\"elementor-column elementor-col-100 elementor-top-column elementor-element elementor-element-fe6b28d\" data-id=\"fe6b28d\" data-element_type=\"column\" data-e-type=\"column\">\n\t\t\t<div class=\"elementor-widget-wrap elementor-element-populated\">\n\t\t\t\t\t\t<div class=\"elementor-element elementor-element-9d843ae elementor-align-center elementor-widget elementor-widget-button\" data-id=\"9d843ae\" data-element_type=\"widget\" data-e-type=\"widget\" data-widget_type=\"button.default\">\n\t\t\t\t<div class=\"elementor-widget-container\">\n\t\t\t\t\t\t\t\t\t<div class=\"elementor-button-wrapper\">\n\t\t\t\t\t<a class=\"elementor-button elementor-button-link elementor-size-sm\" href=\"https:\/\/calendly.com\/suseteestrela\/curadoria-de-bem-estar\" target=\"_blank\">\n\t\t\t\t\t\t<span class=\"elementor-button-content-wrapper\">\n\t\t\t\t\t\t<span class=\"elementor-button-icon\">\n\t\t\t\t<i aria-hidden=\"true\" class=\"far fa-calendar-alt\"><\/i>\t\t\t<\/span>\n\t\t\t\t\t\t\t\t\t<span class=\"elementor-button-text\">Quero Marcar Agora!<\/span>\n\t\t\t\t\t<\/span>\n\t\t\t\t\t<\/a>\n\t\t\t\t<\/div>\n\t\t\t\t\t\t\t\t<\/div>\n\t\t\t\t<\/div>\n\t\t\t\t\t<\/div>\n\t\t<\/div>\n\t\t\t\t\t<\/div>\n\t\t<\/section>\n\t\t\t\t<section class=\"elementor-section elementor-top-section elementor-element elementor-element-73a4362 elementor-section-full_width elementor-section-height-default elementor-section-height-default\" data-id=\"73a4362\" data-element_type=\"section\" data-e-type=\"section\">\n\t\t\t\t\t\t<div class=\"elementor-container elementor-column-gap-default\">\n\t\t\t\t\t<div class=\"elementor-column elementor-col-100 elementor-top-column elementor-element elementor-element-25566de\" data-id=\"25566de\" data-element_type=\"column\" data-e-type=\"column\">\n\t\t\t<div class=\"elementor-widget-wrap elementor-element-populated\">\n\t\t\t\t\t\t<div class=\"elementor-element elementor-element-9fe55fa elementor-widget elementor-widget-text-editor\" data-id=\"9fe55fa\" data-element_type=\"widget\" data-e-type=\"widget\" data-widget_type=\"text-editor.default\">\n\t\t\t\t<div class=\"elementor-widget-container\">\n\t\t\t\t\t\t\t\t\t<h6><\/h6>\n<h6><span data-sheets-formula-bar-text-style=\"font-size:16px;color:#e68077;font-weight:normal;text-decoration:none;font-family:'docs-Montserrat';font-style:normal;text-decoration-skip-ink:none;\">N\u00e3o se preocupe com os fusos hor\u00e1rios, o software encarrega-se disso. Os detalhes da sess\u00e3o, via Zoom, s\u00e3o fornecidos ap\u00f3s confirma\u00e7\u00e3o por email. Caso se depare com alguma dificuldade, por favor, envie-me um e-mail directamente para <\/span><a class=\"waffle-rich-text-link\" href=\"hello@suseteestrela.com\" data-sheets-formula-bar-text-link=\"mailto:hello@suseteestrela.com\" data-sheets-formula-bar-text-style=\"font-size:16px;color:#e68077;font-weight:normal;text-decoration:underline;font-family:''docs-Montserrat'';font-style:normal;text-decoration-skip-ink:none;\">hello@suseteestrela.com<\/a><\/h6>\n\t\t\t\t\t\t\t\t<\/div>\n\t\t\t\t<\/div>\n\t\t\t\t\t<\/div>\n\t\t<\/div>\n\t\t\t\t\t<\/div>\n\t\t<\/section>\n\t\t\t\t<\/div>\n\t\t","protected":false},"excerpt":{"rendered":"<p>Para agendar comigo selecione, por favor, uma data e hora na minha agenda. Quero Marcar Agora! N\u00e3o se preocupe com os fusos hor\u00e1rios, o software encarrega-se disso. Os detalhes da&#8230;<\/p>\n","protected":false},"author":1,"featured_media":6630,"parent":0,"menu_order":0,"comment_status":"closed","ping_status":"closed","template":"template-leadpage-2.php","meta":{"jetpack_post_was_ever_published":false,"footnotes":""},"class_list":["post-7417","page","type-page","status-publish","has-post-thumbnail","hentry"],"yoast_head":"<!-- This site is optimized with the Yoast SEO plugin v26.8 - https:\/\/yoast.com\/product\/yoast-seo-wordpress\/ -->\n<title>A Minha Agenda - Susete Estrela<\/title>\n<meta name=\"robots\" content=\"index, follow, max-snippet:-1, max-image-preview:large, max-video-preview:-1\" \/>\n<link rel=\"canonical\" href=\"https:\/\/suseteestrela.com\/pt-pt\/work-with-me\/\" \/>\n<meta property=\"og:locale\" content=\"pt_PT\" \/>\n<meta property=\"og:type\" content=\"article\" \/>\n<meta property=\"og:title\" content=\"A Minha Agenda - Susete Estrela\" \/>\n<meta property=\"og:description\" content=\"Para agendar comigo selecione, por favor, uma data e hora na minha agenda. Quero Marcar Agora! N\u00e3o se preocupe com os fusos hor\u00e1rios, o software encarrega-se disso. Os detalhes da...\" \/>\n<meta property=\"og:url\" content=\"https:\/\/suseteestrela.com\/pt-pt\/work-with-me\/\" \/>\n<meta property=\"og:site_name\" content=\"Susete Estrela\" \/>\n<meta property=\"article:modified_time\" content=\"2026-01-21T11:05:45+00:00\" \/>\n<meta property=\"og:image\" content=\"https:\/\/suseteestrela.com\/wp-content\/uploads\/2020\/04\/Susete-Foto-Tiny.png\" \/>\n\t<meta property=\"og:image:width\" content=\"938\" \/>\n\t<meta property=\"og:image:height\" content=\"1048\" \/>\n\t<meta property=\"og:image:type\" content=\"image\/png\" \/>\n<meta name=\"twitter:card\" content=\"summary_large_image\" \/>\n<meta name=\"twitter:label1\" content=\"Tempo estimado de leitura\" \/>\n\t<meta name=\"twitter:data1\" content=\"1 minuto\" \/>\n<script type=\"application\/ld+json\" class=\"yoast-schema-graph\">{\"@context\":\"https:\/\/schema.org\",\"@graph\":[{\"@type\":\"WebPage\",\"@id\":\"https:\/\/suseteestrela.com\/pt-pt\/work-with-me\/\",\"url\":\"https:\/\/suseteestrela.com\/pt-pt\/work-with-me\/\",\"name\":\"A Minha Agenda - Susete Estrela\",\"isPartOf\":{\"@id\":\"https:\/\/suseteestrela.com\/pt-pt\/#website\"},\"primaryImageOfPage\":{\"@id\":\"https:\/\/suseteestrela.com\/pt-pt\/work-with-me\/#primaryimage\"},\"image\":{\"@id\":\"https:\/\/suseteestrela.com\/pt-pt\/work-with-me\/#primaryimage\"},\"thumbnailUrl\":\"https:\/\/i0.wp.com\/suseteestrela.com\/wp-content\/uploads\/2020\/04\/Susete-Foto-Tiny.png?fit=938%2C1048&ssl=1\",\"datePublished\":\"2019-04-09T22:46:32+00:00\",\"dateModified\":\"2026-01-21T11:05:45+00:00\",\"breadcrumb\":{\"@id\":\"https:\/\/suseteestrela.com\/pt-pt\/work-with-me\/#breadcrumb\"},\"inLanguage\":\"pt-PT\",\"potentialAction\":[{\"@type\":\"ReadAction\",\"target\":[\"https:\/\/suseteestrela.com\/pt-pt\/work-with-me\/\"]}]},{\"@type\":\"ImageObject\",\"inLanguage\":\"pt-PT\",\"@id\":\"https:\/\/suseteestrela.com\/pt-pt\/work-with-me\/#primaryimage\",\"url\":\"https:\/\/i0.wp.com\/suseteestrela.com\/wp-content\/uploads\/2020\/04\/Susete-Foto-Tiny.png?fit=938%2C1048&ssl=1\",\"contentUrl\":\"https:\/\/i0.wp.com\/suseteestrela.com\/wp-content\/uploads\/2020\/04\/Susete-Foto-Tiny.png?fit=938%2C1048&ssl=1\",\"width\":938,\"height\":1048,\"caption\":\"Susete Estrela Holistic Health Coaching\"},{\"@type\":\"BreadcrumbList\",\"@id\":\"https:\/\/suseteestrela.com\/pt-pt\/work-with-me\/#breadcrumb\",\"itemListElement\":[{\"@type\":\"ListItem\",\"position\":1,\"name\":\"Home\",\"item\":\"https:\/\/suseteestrela.com\/pt-pt\/\"},{\"@type\":\"ListItem\",\"position\":2,\"name\":\"A Minha Agenda\"}]},{\"@type\":\"WebSite\",\"@id\":\"https:\/\/suseteestrela.com\/pt-pt\/#website\",\"url\":\"https:\/\/suseteestrela.com\/pt-pt\/\",\"name\":\"Susete Estrela\",\"description\":\"Family Food Safety Education\",\"publisher\":{\"@id\":\"https:\/\/suseteestrela.com\/pt-pt\/#organization\"},\"potentialAction\":[{\"@type\":\"SearchAction\",\"target\":{\"@type\":\"EntryPoint\",\"urlTemplate\":\"https:\/\/suseteestrela.com\/pt-pt\/?s={search_term_string}\"},\"query-input\":{\"@type\":\"PropertyValueSpecification\",\"valueRequired\":true,\"valueName\":\"search_term_string\"}}],\"inLanguage\":\"pt-PT\"},{\"@type\":\"Organization\",\"@id\":\"https:\/\/suseteestrela.com\/pt-pt\/#organization\",\"name\":\"Susete Estrela\",\"url\":\"https:\/\/suseteestrela.com\/pt-pt\/\",\"logo\":{\"@type\":\"ImageObject\",\"inLanguage\":\"pt-PT\",\"@id\":\"https:\/\/suseteestrela.com\/pt-pt\/#\/schema\/logo\/image\/\",\"url\":\"https:\/\/i0.wp.com\/suseteestrela.com\/wp-content\/uploads\/2023\/06\/cropped-Logo-Completo-Fundo-Branco.png?fit=3610%2C3942&ssl=1\",\"contentUrl\":\"https:\/\/i0.wp.com\/suseteestrela.com\/wp-content\/uploads\/2023\/06\/cropped-Logo-Completo-Fundo-Branco.png?fit=3610%2C3942&ssl=1\",\"width\":3610,\"height\":3942,\"caption\":\"Susete Estrela\"},\"image\":{\"@id\":\"https:\/\/suseteestrela.com\/pt-pt\/#\/schema\/logo\/image\/\"}}]}<\/script>\n<!-- \/ Yoast SEO plugin. -->","yoast_head_json":{"title":"A Minha Agenda - Susete Estrela","robots":{"index":"index","follow":"follow","max-snippet":"max-snippet:-1","max-image-preview":"max-image-preview:large","max-video-preview":"max-video-preview:-1"},"canonical":"https:\/\/suseteestrela.com\/pt-pt\/work-with-me\/","og_locale":"pt_PT","og_type":"article","og_title":"A Minha Agenda - Susete Estrela","og_description":"Para agendar comigo selecione, por favor, uma data e hora na minha agenda. Quero Marcar Agora! N\u00e3o se preocupe com os fusos hor\u00e1rios, o software encarrega-se disso. Os detalhes da...","og_url":"https:\/\/suseteestrela.com\/pt-pt\/work-with-me\/","og_site_name":"Susete Estrela","article_modified_time":"2026-01-21T11:05:45+00:00","og_image":[{"width":938,"height":1048,"url":"https:\/\/suseteestrela.com\/wp-content\/uploads\/2020\/04\/Susete-Foto-Tiny.png","type":"image\/png"}],"twitter_card":"summary_large_image","twitter_misc":{"Tempo estimado de leitura":"1 minuto"},"schema":{"@context":"https:\/\/schema.org","@graph":[{"@type":"WebPage","@id":"https:\/\/suseteestrela.com\/pt-pt\/work-with-me\/","url":"https:\/\/suseteestrela.com\/pt-pt\/work-with-me\/","name":"A Minha Agenda - Susete Estrela","isPartOf":{"@id":"https:\/\/suseteestrela.com\/pt-pt\/#website"},"primaryImageOfPage":{"@id":"https:\/\/suseteestrela.com\/pt-pt\/work-with-me\/#primaryimage"},"image":{"@id":"https:\/\/suseteestrela.com\/pt-pt\/work-with-me\/#primaryimage"},"thumbnailUrl":"https:\/\/i0.wp.com\/suseteestrela.com\/wp-content\/uploads\/2020\/04\/Susete-Foto-Tiny.png?fit=938%2C1048&ssl=1","datePublished":"2019-04-09T22:46:32+00:00","dateModified":"2026-01-21T11:05:45+00:00","breadcrumb":{"@id":"https:\/\/suseteestrela.com\/pt-pt\/work-with-me\/#breadcrumb"},"inLanguage":"pt-PT","potentialAction":[{"@type":"ReadAction","target":["https:\/\/suseteestrela.com\/pt-pt\/work-with-me\/"]}]},{"@type":"ImageObject","inLanguage":"pt-PT","@id":"https:\/\/suseteestrela.com\/pt-pt\/work-with-me\/#primaryimage","url":"https:\/\/i0.wp.com\/suseteestrela.com\/wp-content\/uploads\/2020\/04\/Susete-Foto-Tiny.png?fit=938%2C1048&ssl=1","contentUrl":"https:\/\/i0.wp.com\/suseteestrela.com\/wp-content\/uploads\/2020\/04\/Susete-Foto-Tiny.png?fit=938%2C1048&ssl=1","width":938,"height":1048,"caption":"Susete Estrela Holistic Health Coaching"},{"@type":"BreadcrumbList","@id":"https:\/\/suseteestrela.com\/pt-pt\/work-with-me\/#breadcrumb","itemListElement":[{"@type":"ListItem","position":1,"name":"Home","item":"https:\/\/suseteestrela.com\/pt-pt\/"},{"@type":"ListItem","position":2,"name":"A Minha Agenda"}]},{"@type":"WebSite","@id":"https:\/\/suseteestrela.com\/pt-pt\/#website","url":"https:\/\/suseteestrela.com\/pt-pt\/","name":"Susete Estrela","description":"Family Food Safety Education","publisher":{"@id":"https:\/\/suseteestrela.com\/pt-pt\/#organization"},"potentialAction":[{"@type":"SearchAction","target":{"@type":"EntryPoint","urlTemplate":"https:\/\/suseteestrela.com\/pt-pt\/?s={search_term_string}"},"query-input":{"@type":"PropertyValueSpecification","valueRequired":true,"valueName":"search_term_string"}}],"inLanguage":"pt-PT"},{"@type":"Organization","@id":"https:\/\/suseteestrela.com\/pt-pt\/#organization","name":"Susete Estrela","url":"https:\/\/suseteestrela.com\/pt-pt\/","logo":{"@type":"ImageObject","inLanguage":"pt-PT","@id":"https:\/\/suseteestrela.com\/pt-pt\/#\/schema\/logo\/image\/","url":"https:\/\/i0.wp.com\/suseteestrela.com\/wp-content\/uploads\/2023\/06\/cropped-Logo-Completo-Fundo-Branco.png?fit=3610%2C3942&ssl=1","contentUrl":"https:\/\/i0.wp.com\/suseteestrela.com\/wp-content\/uploads\/2023\/06\/cropped-Logo-Completo-Fundo-Branco.png?fit=3610%2C3942&ssl=1","width":3610,"height":3942,"caption":"Susete Estrela"},"image":{"@id":"https:\/\/suseteestrela.com\/pt-pt\/#\/schema\/logo\/image\/"}}]}},"jetpack_sharing_enabled":true,"_links":{"self":[{"href":"https:\/\/suseteestrela.com\/pt-pt\/wp-json\/wp\/v2\/pages\/7417","targetHints":{"allow":["GET"]}}],"collection":[{"href":"https:\/\/suseteestrela.com\/pt-pt\/wp-json\/wp\/v2\/pages"}],"about":[{"href":"https:\/\/suseteestrela.com\/pt-pt\/wp-json\/wp\/v2\/types\/page"}],"author":[{"embeddable":true,"href":"https:\/\/suseteestrela.com\/pt-pt\/wp-json\/wp\/v2\/users\/1"}],"replies":[{"embeddable":true,"href":"https:\/\/suseteestrela.com\/pt-pt\/wp-json\/wp\/v2\/comments?post=7417"}],"version-history":[{"count":29,"href":"https:\/\/suseteestrela.com\/pt-pt\/wp-json\/wp\/v2\/pages\/7417\/revisions"}],"predecessor-version":[{"id":10056,"href":"https:\/\/suseteestrela.com\/pt-pt\/wp-json\/wp\/v2\/pages\/7417\/revisions\/10056"}],"wp:featuredmedia":[{"embeddable":true,"href":"https:\/\/suseteestrela.com\/pt-pt\/wp-json\/wp\/v2\/media\/6630"}],"wp:attachment":[{"href":"https:\/\/suseteestrela.com\/pt-pt\/wp-json\/wp\/v2\/media?parent=7417"}],"curies":[{"name":"wp","href":"https:\/\/api.w.org\/{rel}","templated":true}]}}