{"id":9826,"date":"2025-01-22T14:56:33","date_gmt":"2025-01-22T10:56:33","guid":{"rendered":"https:\/\/suseteestrela.com\/?page_id=9826"},"modified":"2025-01-22T14:57:18","modified_gmt":"2025-01-22T10:57:18","slug":"politicas-de-cookies","status":"publish","type":"page","link":"https:\/\/suseteestrela.com\/pt-pt\/politicas-de-cookies\/","title":{"rendered":"Pol\u00edticas de Cookies"},"content":{"rendered":"\t\t<div data-elementor-type=\"wp-page\" data-elementor-id=\"9826\" class=\"elementor elementor-9826\" data-elementor-post-type=\"page\">\n\t\t\t\t\t\t<section class=\"elementor-section elementor-top-section elementor-element elementor-element-fc9121d elementor-section-boxed elementor-section-height-default elementor-section-height-default\" data-id=\"fc9121d\" data-element_type=\"section\" data-e-type=\"section\">\n\t\t\t\t\t\t<div class=\"elementor-container elementor-column-gap-default\">\n\t\t\t\t\t<div class=\"elementor-column elementor-col-100 elementor-top-column elementor-element elementor-element-87eef32\" data-id=\"87eef32\" data-element_type=\"column\" data-e-type=\"column\">\n\t\t\t<div class=\"elementor-widget-wrap elementor-element-populated\">\n\t\t\t\t\t\t<div class=\"elementor-element elementor-element-9352b66 elementor-widget elementor-widget-text-editor\" data-id=\"9352b66\" data-element_type=\"widget\" data-e-type=\"widget\" data-widget_type=\"text-editor.default\">\n\t\t\t\t<div class=\"elementor-widget-container\">\n\t\t\t\t\t\t\t\t\t<p><b>\u00daltima atualiza\u00e7\u00e3o:<\/b><span style=\"font-weight: 400;\"> 18 de Janeiro de 2025<\/span><\/p><p><span style=\"font-weight: 400;\">Esta Pol\u00edtica de Cookies explica o que s\u00e3o cookies, como s\u00e3o utilizados no site<\/span><a href=\"https:\/\/suseteestrela.com\/\"> <span style=\"font-weight: 400;\">https:\/\/suseteestrela.com\/<\/span><\/a><span style=\"font-weight: 400;\"> e como pode geri-los. Ao continuar a usar este site, voc\u00ea concorda com o uso de cookies conforme descrito abaixo.<\/span><\/p><h3><b>1. O que s\u00e3o Cookies?<\/b><\/h3><p><span style=\"font-weight: 400;\">Cookies s\u00e3o pequenos ficheiros de texto que s\u00e3o armazenados no seu dispositivo (computador, smartphone ou tablet) quando visita um site. Eles ajudam a melhorar a experi\u00eancia do utilizador, recolher informa\u00e7\u00f5es anal\u00edticas e oferecer funcionalidades personalizadas.<\/span><\/p><h3><b>2. Que Tipos de Cookies Utilizamos?<\/b><\/h3><p><span style=\"font-weight: 400;\">O site utiliza os seguintes tipos de cookies:<\/span><\/p><h4><b>2.1. Cookies Essenciais<\/b><\/h4><ul><li style=\"font-weight: 400;\" aria-level=\"1\"><span style=\"font-weight: 400;\">Necess\u00e1rios para o funcionamento b\u00e1sico do site.<\/span><\/li><li style=\"font-weight: 400;\" aria-level=\"1\"><span style=\"font-weight: 400;\">Garantem que funcionalidades essenciais, como formul\u00e1rios, funcionem corretamente.<\/span><\/li><\/ul><h4><b>2.2. Cookies Anal\u00edticos<\/b><\/h4><ul><li style=\"font-weight: 400;\" aria-level=\"1\"><span style=\"font-weight: 400;\">Utilizados para recolher informa\u00e7\u00f5es sobre como os visitantes utilizam o site.<\/span><\/li><li style=\"font-weight: 400;\" aria-level=\"1\"><span style=\"font-weight: 400;\">Exemplo: Google Analytics, para monitorizar tr\u00e1fego, p\u00e1ginas mais visitadas e tempo de perman\u00eancia.<\/span><\/li><li style=\"font-weight: 400;\" aria-level=\"1\"><span style=\"font-weight: 400;\">Os dados recolhidos s\u00e3o an\u00f3nimos e ajudam a melhorar o site.<\/span><\/li><\/ul><h3><b>3. Como Gerir os Cookies?<\/b><\/h3><p><span style=\"font-weight: 400;\">Ao visitar o site pela primeira vez, ser\u00e1 exibido um banner informando sobre o uso de cookies e solicitando o seu consentimento.<\/span><\/p><p><span style=\"font-weight: 400;\">Pode gerir ou desativar os cookies a qualquer momento atrav\u00e9s das configura\u00e7\u00f5es do seu navegador:<\/span><\/p><ul><li style=\"font-weight: 400;\" aria-level=\"1\"><b>Google Chrome:<\/b><span style=\"font-weight: 400;\"> Instru\u00e7\u00f5es<\/span><\/li><li style=\"font-weight: 400;\" aria-level=\"1\"><b>Mozilla Firefox:<\/b><a href=\"https:\/\/support.mozilla.org\/pt-PT\/kb\/ativar-desativar-cookies\"> <span style=\"font-weight: 400;\">Instru\u00e7\u00f5es<\/span><\/a><\/li><li style=\"font-weight: 400;\" aria-level=\"1\"><b>Safari:<\/b><a href=\"https:\/\/support.apple.com\/pt-pt\/guide\/safari\/sfri11471\/mac\"> <span style=\"font-weight: 400;\">Instru\u00e7\u00f5es<\/span><\/a><\/li><li style=\"font-weight: 400;\" aria-level=\"1\"><b>Microsoft Edge:<\/b><a href=\"https:\/\/support.microsoft.com\/pt-pt\/help\/4027947\/microsoft-edge-delete-cookies\"> <span style=\"font-weight: 400;\">Instru\u00e7\u00f5es<\/span><\/a><\/li><\/ul><p><b>Nota:<\/b><span style=\"font-weight: 400;\"> Se desativar os cookies, algumas funcionalidades do site podem n\u00e3o funcionar corretamente.<\/span><\/p><h3><b>4. Cookies de Terceiros<\/b><\/h3><p><span style=\"font-weight: 400;\">O site pode utilizar cookies de terceiros, como o Google Analytics, para recolher dados estat\u00edsticos. Estes cookies s\u00e3o geridos por terceiros e est\u00e3o sujeitos \u00e0s suas pr\u00f3prias pol\u00edticas de privacidade.<\/span><\/p><p><span style=\"font-weight: 400;\">Para mais informa\u00e7\u00f5es sobre como o Google utiliza os seus dados, visite: Pol\u00edtica de Privacidade do Google.<\/span><\/p><h3><b>5. Altera\u00e7\u00f5es \u00e0 Pol\u00edtica de Cookies<\/b><\/h3><p><span style=\"font-weight: 400;\">Reservamo-nos o direito de alterar esta Pol\u00edtica de Cookies a qualquer momento. As altera\u00e7\u00f5es ser\u00e3o publicadas no site e a data de atualiza\u00e7\u00e3o ser\u00e1 ajustada no topo desta p\u00e1gina.<\/span><\/p><h3><b>6. Contacto<\/b><\/h3><p><span style=\"font-weight: 400;\">Para d\u00favidas ou informa\u00e7\u00f5es adicionais sobre esta Pol\u00edtica de Cookies, entre em contacto atrav\u00e9s de:<\/span><\/p><ul><li style=\"font-weight: 400;\" aria-level=\"1\"><b>E-mail:<\/b> <a href=\"mailto:hello@suseteestrela.com\"><span style=\"font-weight: 400;\">hello@suseteestrela.com<\/span><\/a><\/li><\/ul>\t\t\t\t\t\t\t\t<\/div>\n\t\t\t\t<\/div>\n\t\t\t\t\t<\/div>\n\t\t<\/div>\n\t\t\t\t\t<\/div>\n\t\t<\/section>\n\t\t\t\t<\/div>\n\t\t","protected":false},"excerpt":{"rendered":"<p>\u00daltima atualiza\u00e7\u00e3o: 18 de Janeiro de 2025 Esta Pol\u00edtica de Cookies explica o que s\u00e3o cookies, como s\u00e3o utilizados no site https:\/\/suseteestrela.com\/ e como pode geri-los. Ao continuar a usar&#8230;<\/p>\n","protected":false},"author":4,"featured_media":0,"parent":0,"menu_order":0,"comment_status":"closed","ping_status":"closed","template":"","meta":{"jetpack_post_was_ever_published":false,"footnotes":""},"class_list":["post-9826","page","type-page","status-publish","hentry"],"yoast_head":"<!-- This site is optimized with the Yoast SEO plugin v26.8 - https:\/\/yoast.com\/product\/yoast-seo-wordpress\/ -->\n<title>Pol\u00edticas de Cookies - Susete Estrela<\/title>\n<meta name=\"robots\" content=\"index, follow, max-snippet:-1, max-image-preview:large, max-video-preview:-1\" \/>\n<link rel=\"canonical\" href=\"https:\/\/suseteestrela.com\/pt-pt\/politicas-de-cookies\/\" \/>\n<meta property=\"og:locale\" content=\"pt_PT\" \/>\n<meta property=\"og:type\" content=\"article\" \/>\n<meta property=\"og:title\" content=\"Pol\u00edticas de Cookies - Susete Estrela\" \/>\n<meta property=\"og:description\" content=\"\u00daltima atualiza\u00e7\u00e3o: 18 de Janeiro de 2025 Esta Pol\u00edtica de Cookies explica o que s\u00e3o cookies, como s\u00e3o utilizados no site https:\/\/suseteestrela.com\/ e como pode geri-los. Ao continuar a usar...\" \/>\n<meta property=\"og:url\" content=\"https:\/\/suseteestrela.com\/pt-pt\/politicas-de-cookies\/\" \/>\n<meta property=\"og:site_name\" content=\"Susete Estrela\" \/>\n<meta property=\"article:modified_time\" content=\"2025-01-22T10:57:18+00:00\" \/>\n<meta name=\"twitter:card\" content=\"summary_large_image\" \/>\n<meta name=\"twitter:label1\" content=\"Tempo estimado de leitura\" \/>\n\t<meta name=\"twitter:data1\" content=\"2 minutos\" \/>\n<script type=\"application\/ld+json\" class=\"yoast-schema-graph\">{\"@context\":\"https:\/\/schema.org\",\"@graph\":[{\"@type\":\"WebPage\",\"@id\":\"https:\/\/suseteestrela.com\/pt-pt\/politicas-de-cookies\/\",\"url\":\"https:\/\/suseteestrela.com\/pt-pt\/politicas-de-cookies\/\",\"name\":\"Pol\u00edticas de Cookies - Susete Estrela\",\"isPartOf\":{\"@id\":\"https:\/\/suseteestrela.com\/pt-pt\/#website\"},\"datePublished\":\"2025-01-22T10:56:33+00:00\",\"dateModified\":\"2025-01-22T10:57:18+00:00\",\"breadcrumb\":{\"@id\":\"https:\/\/suseteestrela.com\/pt-pt\/politicas-de-cookies\/#breadcrumb\"},\"inLanguage\":\"pt-PT\",\"potentialAction\":[{\"@type\":\"ReadAction\",\"target\":[\"https:\/\/suseteestrela.com\/pt-pt\/politicas-de-cookies\/\"]}]},{\"@type\":\"BreadcrumbList\",\"@id\":\"https:\/\/suseteestrela.com\/pt-pt\/politicas-de-cookies\/#breadcrumb\",\"itemListElement\":[{\"@type\":\"ListItem\",\"position\":1,\"name\":\"Home\",\"item\":\"https:\/\/suseteestrela.com\/pt-pt\/\"},{\"@type\":\"ListItem\",\"position\":2,\"name\":\"Pol\u00edticas de Cookies\"}]},{\"@type\":\"WebSite\",\"@id\":\"https:\/\/suseteestrela.com\/pt-pt\/#website\",\"url\":\"https:\/\/suseteestrela.com\/pt-pt\/\",\"name\":\"Susete Estrela\",\"description\":\"Family Food Safety Education\",\"publisher\":{\"@id\":\"https:\/\/suseteestrela.com\/pt-pt\/#organization\"},\"potentialAction\":[{\"@type\":\"SearchAction\",\"target\":{\"@type\":\"EntryPoint\",\"urlTemplate\":\"https:\/\/suseteestrela.com\/pt-pt\/?s={search_term_string}\"},\"query-input\":{\"@type\":\"PropertyValueSpecification\",\"valueRequired\":true,\"valueName\":\"search_term_string\"}}],\"inLanguage\":\"pt-PT\"},{\"@type\":\"Organization\",\"@id\":\"https:\/\/suseteestrela.com\/pt-pt\/#organization\",\"name\":\"Susete Estrela\",\"url\":\"https:\/\/suseteestrela.com\/pt-pt\/\",\"logo\":{\"@type\":\"ImageObject\",\"inLanguage\":\"pt-PT\",\"@id\":\"https:\/\/suseteestrela.com\/pt-pt\/#\/schema\/logo\/image\/\",\"url\":\"https:\/\/i0.wp.com\/suseteestrela.com\/wp-content\/uploads\/2023\/06\/cropped-Logo-Completo-Fundo-Branco.png?fit=3610%2C3942&ssl=1\",\"contentUrl\":\"https:\/\/i0.wp.com\/suseteestrela.com\/wp-content\/uploads\/2023\/06\/cropped-Logo-Completo-Fundo-Branco.png?fit=3610%2C3942&ssl=1\",\"width\":3610,\"height\":3942,\"caption\":\"Susete Estrela\"},\"image\":{\"@id\":\"https:\/\/suseteestrela.com\/pt-pt\/#\/schema\/logo\/image\/\"}}]}<\/script>\n<!-- \/ Yoast SEO plugin. -->","yoast_head_json":{"title":"Pol\u00edticas de Cookies - Susete Estrela","robots":{"index":"index","follow":"follow","max-snippet":"max-snippet:-1","max-image-preview":"max-image-preview:large","max-video-preview":"max-video-preview:-1"},"canonical":"https:\/\/suseteestrela.com\/pt-pt\/politicas-de-cookies\/","og_locale":"pt_PT","og_type":"article","og_title":"Pol\u00edticas de Cookies - Susete Estrela","og_description":"\u00daltima atualiza\u00e7\u00e3o: 18 de Janeiro de 2025 Esta Pol\u00edtica de Cookies explica o que s\u00e3o cookies, como s\u00e3o utilizados no site https:\/\/suseteestrela.com\/ e como pode geri-los. Ao continuar a usar...","og_url":"https:\/\/suseteestrela.com\/pt-pt\/politicas-de-cookies\/","og_site_name":"Susete Estrela","article_modified_time":"2025-01-22T10:57:18+00:00","twitter_card":"summary_large_image","twitter_misc":{"Tempo estimado de leitura":"2 minutos"},"schema":{"@context":"https:\/\/schema.org","@graph":[{"@type":"WebPage","@id":"https:\/\/suseteestrela.com\/pt-pt\/politicas-de-cookies\/","url":"https:\/\/suseteestrela.com\/pt-pt\/politicas-de-cookies\/","name":"Pol\u00edticas de Cookies - Susete Estrela","isPartOf":{"@id":"https:\/\/suseteestrela.com\/pt-pt\/#website"},"datePublished":"2025-01-22T10:56:33+00:00","dateModified":"2025-01-22T10:57:18+00:00","breadcrumb":{"@id":"https:\/\/suseteestrela.com\/pt-pt\/politicas-de-cookies\/#breadcrumb"},"inLanguage":"pt-PT","potentialAction":[{"@type":"ReadAction","target":["https:\/\/suseteestrela.com\/pt-pt\/politicas-de-cookies\/"]}]},{"@type":"BreadcrumbList","@id":"https:\/\/suseteestrela.com\/pt-pt\/politicas-de-cookies\/#breadcrumb","itemListElement":[{"@type":"ListItem","position":1,"name":"Home","item":"https:\/\/suseteestrela.com\/pt-pt\/"},{"@type":"ListItem","position":2,"name":"Pol\u00edticas de Cookies"}]},{"@type":"WebSite","@id":"https:\/\/suseteestrela.com\/pt-pt\/#website","url":"https:\/\/suseteestrela.com\/pt-pt\/","name":"Susete Estrela","description":"Family Food Safety Education","publisher":{"@id":"https:\/\/suseteestrela.com\/pt-pt\/#organization"},"potentialAction":[{"@type":"SearchAction","target":{"@type":"EntryPoint","urlTemplate":"https:\/\/suseteestrela.com\/pt-pt\/?s={search_term_string}"},"query-input":{"@type":"PropertyValueSpecification","valueRequired":true,"valueName":"search_term_string"}}],"inLanguage":"pt-PT"},{"@type":"Organization","@id":"https:\/\/suseteestrela.com\/pt-pt\/#organization","name":"Susete Estrela","url":"https:\/\/suseteestrela.com\/pt-pt\/","logo":{"@type":"ImageObject","inLanguage":"pt-PT","@id":"https:\/\/suseteestrela.com\/pt-pt\/#\/schema\/logo\/image\/","url":"https:\/\/i0.wp.com\/suseteestrela.com\/wp-content\/uploads\/2023\/06\/cropped-Logo-Completo-Fundo-Branco.png?fit=3610%2C3942&ssl=1","contentUrl":"https:\/\/i0.wp.com\/suseteestrela.com\/wp-content\/uploads\/2023\/06\/cropped-Logo-Completo-Fundo-Branco.png?fit=3610%2C3942&ssl=1","width":3610,"height":3942,"caption":"Susete Estrela"},"image":{"@id":"https:\/\/suseteestrela.com\/pt-pt\/#\/schema\/logo\/image\/"}}]}},"jetpack_sharing_enabled":true,"_links":{"self":[{"href":"https:\/\/suseteestrela.com\/pt-pt\/wp-json\/wp\/v2\/pages\/9826","targetHints":{"allow":["GET"]}}],"collection":[{"href":"https:\/\/suseteestrela.com\/pt-pt\/wp-json\/wp\/v2\/pages"}],"about":[{"href":"https:\/\/suseteestrela.com\/pt-pt\/wp-json\/wp\/v2\/types\/page"}],"author":[{"embeddable":true,"href":"https:\/\/suseteestrela.com\/pt-pt\/wp-json\/wp\/v2\/users\/4"}],"replies":[{"embeddable":true,"href":"https:\/\/suseteestrela.com\/pt-pt\/wp-json\/wp\/v2\/comments?post=9826"}],"version-history":[{"count":4,"href":"https:\/\/suseteestrela.com\/pt-pt\/wp-json\/wp\/v2\/pages\/9826\/revisions"}],"predecessor-version":[{"id":9830,"href":"https:\/\/suseteestrela.com\/pt-pt\/wp-json\/wp\/v2\/pages\/9826\/revisions\/9830"}],"wp:attachment":[{"href":"https:\/\/suseteestrela.com\/pt-pt\/wp-json\/wp\/v2\/media?parent=9826"}],"curies":[{"name":"wp","href":"https:\/\/api.w.org\/{rel}","templated":true}]}}